{"id":1021,"date":"2016-07-04T08:04:52","date_gmt":"2016-07-04T08:04:52","guid":{"rendered":"http:\/\/www.widherco.com\/?page_id=1021"},"modified":"2016-09-06T09:36:00","modified_gmt":"2016-09-06T09:36:00","slug":"cookies","status":"publish","type":"page","link":"https:\/\/www.widherco.com\/es\/cookies\/","title":{"rendered":"POL\u00cdTICA DE COOKIES"},"content":{"rendered":"<p>[vc_row][vc_column][vc_column_text]<\/p>\n<div class=\"entry-content clearfix\">\n<h2>POL\u00cdTICA DE COOKIES<\/h2>\n<p>Las cookies son archivos de texto de peque\u00f1o tama\u00f1o, a menudo cifrados, que un servidor web aloja en el equipo o dispositivo del usuario cuando accede al sitio web. Estas cookies pueden almacenar la identificaci\u00f3n del usuario que visito el sitio web y los lugares por los que navego.<\/p>\n<p>Este sitio web utiliza las siguientes cookies:<\/p>\n<p>&nbsp;<\/p>\n<p><strong>Cookies de medidores (de Google).<\/strong> Estas cookies se utilizan para analizar las visitas realizadas, los lugares y tiempos de navegaci\u00f3n por el sitio web. La informaci\u00f3n de las cookies es transmitida y archivada directamente por los medidores en sus servidores. Estos cookies est\u00e1n utilizadas de forma an\u00f3nima y para elaborar informes de tendencias de sitios web sin identificar a usuarios individuales.<\/p>\n<p>&nbsp;<\/p>\n<p><strong>Cookies esenciales (t\u00e9cnicas)<\/strong> Utilizamos cookies esenciales t\u00e9cnicamente para funcionar de manera correcta, i.e. guardar preferencias, optimizar proceso de login, gestionar el carro de la compra, \u2026<\/p>\n<p>&nbsp;<\/p>\n<p>Se puede configurar el navegador para rechazar o aceptar las cookies, o configurar el navegador para que estas cookies se borren autom\u00e1ticamente una vez que se cierre el navegador, equipo o dispositivo. La configuraci\u00f3n de las cookies en los navegadores se realiza:<\/p>\n<p>&nbsp;<\/p>\n<p>\u00b7 Google Chrome en Configuraci\u00f3n &gt; Privacidad &gt; Configuraci\u00f3n de contenido &gt; Cookies<br \/>\n\u00b7 Firefox en Preferencias &gt; Privacidad.<br \/>\n\u00b7 Internet Explorer en Herramientas &gt; Opciones de Internet &gt; Privacidad &gt; Avanzada.<br \/>\n\u00b7 Safari en Preferencias &gt; Privacidad.<\/p>\n<p>&nbsp;<\/p>\n<p>Al acceder a este sitio web por primera vez, sin tener cookies de este sitio web, ver\u00e1 una ventana donde se le informa de la utilizaci\u00f3n de las cookies y donde puede consultar esta Pol\u00edtica de Cookies. Si cierra la ventana o siga navegando, acepta\/consiente la utilizaci\u00f3n de las cookies y \u00e9stas se instalar\u00e1n en su equipo o dispositivo, en caso contrario no se instalar\u00e1n las cookies pudiendo estar limitada la navegaci\u00f3n y servicios de este sitio web.<\/p>\n<p>&nbsp;<\/p>\n<p>Para m\u00e1s informaci\u00f3n sobre las cookies utilizadas contactar con el titular de este sitio web en la direcci\u00f3n <span class=\"w-contacts-item-value\"><a href=\"mailto:widherco@widherco.com\">widherco@widherco.com<\/a><\/span><\/p>\n<\/div>\n<p>[\/vc_column_text][\/vc_column][\/vc_row]<\/p>","protected":false},"excerpt":{"rendered":"<p>[vc_row][vc_column][vc_column_text] POL\u00cdTICA DE COOKIES Las cookies son archivos de texto de peque\u00f1o tama\u00f1o, a menudo cifrados, que un servidor web aloja en el equipo o dispositivo del usuario cuando accede al sitio web. Estas cookies pueden almacenar la identificaci\u00f3n del usuario que visito el sitio web y los lugares por los que navego. Este sitio [&hellip;]<\/p>\n","protected":false},"author":1,"featured_media":0,"parent":0,"menu_order":0,"comment_status":"closed","ping_status":"closed","template":"","meta":{"inline_featured_image":false},"_links":{"self":[{"href":"https:\/\/www.widherco.com\/es\/wp-json\/wp\/v2\/pages\/1021"}],"collection":[{"href":"https:\/\/www.widherco.com\/es\/wp-json\/wp\/v2\/pages"}],"about":[{"href":"https:\/\/www.widherco.com\/es\/wp-json\/wp\/v2\/types\/page"}],"author":[{"embeddable":true,"href":"https:\/\/www.widherco.com\/es\/wp-json\/wp\/v2\/users\/1"}],"replies":[{"embeddable":true,"href":"https:\/\/www.widherco.com\/es\/wp-json\/wp\/v2\/comments?post=1021"}],"version-history":[{"count":4,"href":"https:\/\/www.widherco.com\/es\/wp-json\/wp\/v2\/pages\/1021\/revisions"}],"predecessor-version":[{"id":1100,"href":"https:\/\/www.widherco.com\/es\/wp-json\/wp\/v2\/pages\/1021\/revisions\/1100"}],"wp:attachment":[{"href":"https:\/\/www.widherco.com\/es\/wp-json\/wp\/v2\/media?parent=1021"}],"curies":[{"name":"wp","href":"https:\/\/api.w.org\/{rel}","templated":true}]}}