{"id":1906,"date":"2018-10-25T08:05:54","date_gmt":"2018-10-25T08:05:54","guid":{"rendered":"http:\/\/www.widherco.com\/?page_id=1906"},"modified":"2018-10-25T08:13:06","modified_gmt":"2018-10-25T08:13:06","slug":"politica-de-privacitat","status":"publish","type":"page","link":"https:\/\/www.widherco.com\/es\/politica-de-privacitat\/","title":{"rendered":"Pol\u00edtica de privacidad"},"content":{"rendered":"<p>[vc_row][vc_column]<div class=\"wbc-heading clearfix\"><h3 class=\"default-heading\" >Pol\u00edtica de privacidad<\/h3><\/div>[vc_column_text]Responsable: SUMINISTROS Y SERVICIOS WIDHERCO, S.L. CIF B66129230 \u2013 C\/ESTORNELL, 1 08415 \u2013 BIQUEIS I RIELLS<\/p>\n<p>La finalidad del tratamiento de los datos para la que usted da su consentimiento ser\u00e1 la de gestionar los datos de los clientes\/usuarios que accedan al formulario de contacto de la p\u00e1gina web de la entidad, contestar sus consultas y\/o enviar publicidad de productos o servicios que puedan ser de su inter\u00e9s. Los datos proporcionados se conservar\u00e1n mientras no solicite el cese de la actividad y no se ceder\u00e1n a terceros, salvo obligaci\u00f3n legal. Ud. tiene derecho al acceso, rectificaci\u00f3n o a solicitar su supresi\u00f3n cuando los datos ya no sean necesarios para los fines que fueron recogidos en los t\u00e9rminos previstos en la Ley, que podr\u00e1 ejercitar mediante escrito dirigido al responsable de los mismos en la direcci\u00f3n de e-Mail <a href=\"mailto:j.gascon@widherco.com\">j.gascon@widherco.com<\/a>. Puede consultar informaci\u00f3n adicional en <a href=\"http:\/\/www.aemol.com\/clausulas.php?B66129230\">http:\/\/www.aemol.com\/clausulas.php?B66129230<\/a>[\/vc_column_text][\/vc_column][\/vc_row][vc_row][vc_column][\/vc_column][\/vc_row]<\/p>","protected":false},"excerpt":{"rendered":"<p>[vc_row][vc_column][vc_column_text]Responsable: SUMINISTROS Y SERVICIOS WIDHERCO, S.L. CIF B66129230 \u2013 C\/ESTORNELL, 1 08415 \u2013 BIQUEIS I RIELLS La finalidad del tratamiento de los datos para la que usted da su consentimiento ser\u00e1 la de gestionar los datos de los clientes\/usuarios que accedan al formulario de contacto de la p\u00e1gina web de la entidad, contestar sus consultas [&hellip;]<\/p>\n","protected":false},"author":2,"featured_media":0,"parent":0,"menu_order":0,"comment_status":"closed","ping_status":"closed","template":"","meta":{"inline_featured_image":false},"_links":{"self":[{"href":"https:\/\/www.widherco.com\/es\/wp-json\/wp\/v2\/pages\/1906"}],"collection":[{"href":"https:\/\/www.widherco.com\/es\/wp-json\/wp\/v2\/pages"}],"about":[{"href":"https:\/\/www.widherco.com\/es\/wp-json\/wp\/v2\/types\/page"}],"author":[{"embeddable":true,"href":"https:\/\/www.widherco.com\/es\/wp-json\/wp\/v2\/users\/2"}],"replies":[{"embeddable":true,"href":"https:\/\/www.widherco.com\/es\/wp-json\/wp\/v2\/comments?post=1906"}],"version-history":[{"count":8,"href":"https:\/\/www.widherco.com\/es\/wp-json\/wp\/v2\/pages\/1906\/revisions"}],"predecessor-version":[{"id":1914,"href":"https:\/\/www.widherco.com\/es\/wp-json\/wp\/v2\/pages\/1906\/revisions\/1914"}],"wp:attachment":[{"href":"https:\/\/www.widherco.com\/es\/wp-json\/wp\/v2\/media?parent=1906"}],"curies":[{"name":"wp","href":"https:\/\/api.w.org\/{rel}","templated":true}]}}